{"id":358,"date":"2018-06-22T12:48:01","date_gmt":"2018-06-22T12:48:01","guid":{"rendered":"http:\/\/www.adghn.org\/?page_id=358"},"modified":"2018-06-22T13:27:20","modified_gmt":"2018-06-22T13:27:20","slug":"2017-2018","status":"publish","type":"page","link":"http:\/\/www.adghn.org\/index.php\/2017-2018\/","title":{"rendered":"2017 &#8211; 2018"},"content":{"rendered":"<h3 style=\"text-align: center;\"><strong>ESCUELA MARQU\u00c9S DE AVIL\u00c9S <\/strong><\/h3>\n<h3 style=\"text-align: center;\"><strong>FINALIZACI\u00d3N DEL CURSO 2017-18<\/strong><\/h3>\n<p>La Escuela Marqu\u00e9s de Avil\u00e9s, dependiente de esta Asociaci\u00f3n de Diplomados en Genealog\u00eda, Her\u00e1ldica y Nobiliaria, ha finalizado el Curso 2017-18 en el que se han impartido estas asignaturas, as\u00ed como Paleograf\u00eda, Diplom\u00e1tica y Cronolog\u00eda. Entre las \u00faltimas conferencias impartidas fuera del programa habitual, como clases extraordinarias, citamos la que pronunci\u00f3 don Jos\u00e9 Mar\u00eda Ballester Esquivias, quien record\u00f3 en su disertaci\u00f3n los dos siglos de reinado en Suecia de la dinast\u00eda Bernadotte, cuya entronizaci\u00f3n tuvo lugar en 1818.<\/p>\n<p>En los salones del Centro Riojano de Madrid, donde se ha impartido todo el curso, tuvo lugar el acto de entrega de diplomas a los alumnos, en el cual nuestra presidenta, do\u00f1a \u00a0Elena Fern\u00e1ndez del Cerro, pronunci\u00f3 unas palabras felicit\u00e1ndoles y agradeciendo su labor al cuadro docente y al Secretario de la Asociaci\u00f3n, \u00c1ngel Mora para, posteriormente, dar la palabra al doctor Luis Alberto P\u00e9rez Velarde, quien dict\u00f3 la \u00faltima\u00a0 clase del Curso, que vers\u00f3 sobre la figura y obra del pintor decimon\u00f3nico Antonio Gisbert, y, particularmente, sobre su faceta de retratista de los personajes del liberalismo en los reinados de Isabel II, Amadeo I y Alfonso XII.<\/p>\n<p>Finalmente, los asistentes, tras brindar con vino de Rioja invitados por el mencionado Centro Riojano, se reunieron en una animada cena.<\/p>\n<p><img decoding=\"async\" loading=\"lazy\" class=\"aligncenter wp-image-366 size-full\" src=\"http:\/\/www.adghn.org\/wp-content\/uploads\/2018\/06\/clausura-16-x1l.jpg\" alt=\"\" width=\"808\" height=\"588\" srcset=\"http:\/\/www.adghn.org\/wp-content\/uploads\/2018\/06\/clausura-16-x1l.jpg 808w, http:\/\/www.adghn.org\/wp-content\/uploads\/2018\/06\/clausura-16-x1l-300x218.jpg 300w, http:\/\/www.adghn.org\/wp-content\/uploads\/2018\/06\/clausura-16-x1l-768x559.jpg 768w\" sizes=\"(max-width: 808px) 100vw, 808px\" \/><\/p>\n<p style=\"text-align: center;\">El doctor P\u00e9rez Velarde flanqueado por Elena Fern\u00e1ndez del Cerro y Jos\u00e9 Luis Sampedro<\/p>\n<p><img decoding=\"async\" loading=\"lazy\" class=\"aligncenter wp-image-368 size-large\" src=\"http:\/\/www.adghn.org\/wp-content\/uploads\/2018\/06\/clausura-18-13jpg-1024x531.jpg\" alt=\"\" width=\"1024\" height=\"531\" srcset=\"http:\/\/www.adghn.org\/wp-content\/uploads\/2018\/06\/clausura-18-13jpg-1024x531.jpg 1024w, http:\/\/www.adghn.org\/wp-content\/uploads\/2018\/06\/clausura-18-13jpg-300x155.jpg 300w, http:\/\/www.adghn.org\/wp-content\/uploads\/2018\/06\/clausura-18-13jpg-768x398.jpg 768w, http:\/\/www.adghn.org\/wp-content\/uploads\/2018\/06\/clausura-18-13jpg.jpg 1077w\" sizes=\"(max-width: 1024px) 100vw, 1024px\" \/><\/p>\n<p><img decoding=\"async\" loading=\"lazy\" class=\"aligncenter wp-image-369 size-large\" src=\"http:\/\/www.adghn.org\/wp-content\/uploads\/2018\/06\/Clausura-18-xcl-1024x543.jpg\" alt=\"\" width=\"1024\" height=\"543\" srcset=\"http:\/\/www.adghn.org\/wp-content\/uploads\/2018\/06\/Clausura-18-xcl-1024x543.jpg 1024w, http:\/\/www.adghn.org\/wp-content\/uploads\/2018\/06\/Clausura-18-xcl-300x159.jpg 300w, http:\/\/www.adghn.org\/wp-content\/uploads\/2018\/06\/Clausura-18-xcl-768x407.jpg 768w, http:\/\/www.adghn.org\/wp-content\/uploads\/2018\/06\/Clausura-18-xcl.jpg 1181w\" sizes=\"(max-width: 1024px) 100vw, 1024px\" \/><\/p>\n<p><img decoding=\"async\" loading=\"lazy\" class=\"aligncenter wp-image-370 size-full\" src=\"http:\/\/www.adghn.org\/wp-content\/uploads\/2018\/06\/clausura-18-hhjpg.jpg\" alt=\"\" width=\"417\" height=\"445\" srcset=\"http:\/\/www.adghn.org\/wp-content\/uploads\/2018\/06\/clausura-18-hhjpg.jpg 417w, http:\/\/www.adghn.org\/wp-content\/uploads\/2018\/06\/clausura-18-hhjpg-281x300.jpg 281w\" sizes=\"(max-width: 417px) 100vw, 417px\" \/><\/p>\n<p>&nbsp;<\/p>\n<hr \/>\n<p>&nbsp;<\/p>\n<h3 style=\"text-align: center;\"><strong>APERTURA DEL CURSO DE GENEALOG\u00cdA 2017 &#8211; 2018<\/strong><\/h3>\n<p>El 25 de octubre de 2017 se celebr\u00f3 el acto de apertura del Curso de Genealog\u00eda, Her\u00e1ldica y Nobiliaria 2017-18, organizado, un a\u00f1o m\u00e1s, por la Escuela Marqu\u00e9s de Avil\u00e9s.<\/p>\n<p>Tras la salutaci\u00f3n de Pedro Gonz\u00e1lez Arriba, presidente del Centro Riojano de Madrid, en cuya sede se imparten las clases, la presidenta de la Asociaci\u00f3n de Diplomados en Genealog\u00eda, Her\u00e1ldica y Nobiliaria (materias que componen el programa), Elena Fern\u00e1ndez del Cerro, abri\u00f3 la sesi\u00f3n, sigui\u00e9ndole en el uso de la palabra el vicepresidente, Jos\u00e9 Luis Sampedro Escolar, para presentar al conferenciante, el Numerario de la Real Academia Matritense de Her\u00e1ldica y Genealog\u00eda Jos\u00e9 Antonio Vivar del Riego, quien disert\u00f3 acerca de la Her\u00e1ldica imaginaria, exponiendo, amena y muy documentadamente, una sistematizada reflexi\u00f3n acerca de los blasones atribuidos a personajes y territorios inexistentes o que no hicieron uso de tales emblemas.<\/p>\n<p>Concluida la conferencia y el intersante turno de intervenciones posterior, la presidenta declar\u00f3 abierto el curso, en cuya coordinaci\u00f3n hay que destacar la labor de \u00c1ngel Mora Blanco, secretario de la asociaci\u00f3n convocante, y los numerosos asistentes brindaron con vino de Rioja, invitados por el Centro anfitri\u00f3n.<\/p>\n<p>Como el resto de las conferencias impartidas por la escuela Marqu\u00e9s de Avil\u00e9s, la grabaci\u00f3n en v\u00eddeo de la intervenci\u00f3n del Sr. Vivar puede seguirse en el enlace siguiente.<\/p>\n<p><img decoding=\"async\" loading=\"lazy\" class=\"aligncenter wp-image-180 size-large\" src=\"http:\/\/www.adghn.org\/wp-content\/uploads\/2017\/11\/oct-17-21-1024x595.jpg\" alt=\"\" width=\"1024\" height=\"595\" srcset=\"http:\/\/www.adghn.org\/wp-content\/uploads\/2017\/11\/oct-17-21-1024x595.jpg 1024w, http:\/\/www.adghn.org\/wp-content\/uploads\/2017\/11\/oct-17-21-300x174.jpg 300w, http:\/\/www.adghn.org\/wp-content\/uploads\/2017\/11\/oct-17-21-768x446.jpg 768w\" sizes=\"(max-width: 1024px) 100vw, 1024px\" \/><\/p>\n<p><img decoding=\"async\" loading=\"lazy\" class=\"aligncenter wp-image-181 size-large\" src=\"http:\/\/www.adghn.org\/wp-content\/uploads\/2017\/11\/oct-17-9-1024x583.jpg\" alt=\"\" width=\"1024\" height=\"583\" srcset=\"http:\/\/www.adghn.org\/wp-content\/uploads\/2017\/11\/oct-17-9-1024x583.jpg 1024w, http:\/\/www.adghn.org\/wp-content\/uploads\/2017\/11\/oct-17-9-300x171.jpg 300w, http:\/\/www.adghn.org\/wp-content\/uploads\/2017\/11\/oct-17-9-768x437.jpg 768w\" sizes=\"(max-width: 1024px) 100vw, 1024px\" \/><\/p>\n<div class=\"oceanwp-oembed-wrap clr\">\n<blockquote class=\"wp-embedded-content\" data-secret=\"rS6JhMn1uq\"><p><a href=\"http:\/\/centroriojano.com\/conferencia-la-heraldica-imaginaria-emblemas-apocrifos-fantasia-cargo-d-jose-antonio-vivar-del-rieg\/\">Conferencia  \u201cLA HER\u00c1LDICA IMAGINARIA. Emblemas ap\u00f3crifos y de fantas\u00eda\u201d a cargo de D. Jos\u00e9 Antonio Vivar del Riego<\/a><\/p><\/blockquote>\n<p><iframe class=\"wp-embedded-content\" sandbox=\"allow-scripts\" security=\"restricted\" style=\"position: absolute; clip: rect(1px, 1px, 1px, 1px);\" src=\"http:\/\/centroriojano.com\/conferencia-la-heraldica-imaginaria-emblemas-apocrifos-fantasia-cargo-d-jose-antonio-vivar-del-rieg\/embed\/#?secret=rS6JhMn1uq\" data-secret=\"rS6JhMn1uq\" width=\"600\" height=\"338\" title=\"&#8220;Conferencia  \u201cLA HER\u00c1LDICA IMAGINARIA. Emblemas ap\u00f3crifos y de fantas\u00eda\u201d a cargo de D. Jos\u00e9 Antonio Vivar del Riego&#8221; &#8212; CENTRO RIOJANO DE MADRID\" frameborder=\"0\" marginwidth=\"0\" marginheight=\"0\" scrolling=\"no\"><\/iframe><\/div>\n","protected":false},"excerpt":{"rendered":"<p>ESCUELA MARQU\u00c9S DE AVIL\u00c9S FINALIZACI\u00d3N DEL CURSO 2017-18 La Escuela Marqu\u00e9s de Avil\u00e9s, dependiente de esta Asociaci\u00f3n de Diplomados en Genealog\u00eda, Her\u00e1ldica y Nobiliaria, ha finalizado el Curso 2017-18 en el que se han impartido estas asignaturas, as\u00ed como Paleograf\u00eda, Diplom\u00e1tica y Cronolog\u00eda. Entre las \u00faltimas conferencias impartidas fuera del programa habitual, como clases extraordinarias, [&hellip;]<\/p>\n","protected":false},"author":1,"featured_media":0,"parent":0,"menu_order":0,"comment_status":"closed","ping_status":"closed","template":"","meta":[],"_links":{"self":[{"href":"http:\/\/www.adghn.org\/index.php\/wp-json\/wp\/v2\/pages\/358"}],"collection":[{"href":"http:\/\/www.adghn.org\/index.php\/wp-json\/wp\/v2\/pages"}],"about":[{"href":"http:\/\/www.adghn.org\/index.php\/wp-json\/wp\/v2\/types\/page"}],"author":[{"embeddable":true,"href":"http:\/\/www.adghn.org\/index.php\/wp-json\/wp\/v2\/users\/1"}],"replies":[{"embeddable":true,"href":"http:\/\/www.adghn.org\/index.php\/wp-json\/wp\/v2\/comments?post=358"}],"version-history":[{"count":5,"href":"http:\/\/www.adghn.org\/index.php\/wp-json\/wp\/v2\/pages\/358\/revisions"}],"predecessor-version":[{"id":385,"href":"http:\/\/www.adghn.org\/index.php\/wp-json\/wp\/v2\/pages\/358\/revisions\/385"}],"wp:attachment":[{"href":"http:\/\/www.adghn.org\/index.php\/wp-json\/wp\/v2\/media?parent=358"}],"curies":[{"name":"wp","href":"https:\/\/api.w.org\/{rel}","templated":true}]}}