{"id":144,"date":"2017-08-07T08:23:15","date_gmt":"2017-08-07T08:23:15","guid":{"rendered":"http:\/\/www.adghn.org\/?page_id=144"},"modified":"2018-04-06T17:51:44","modified_gmt":"2018-04-06T17:51:44","slug":"articulos","status":"publish","type":"page","link":"https:\/\/www.adghn.org\/index.php\/articulos\/","title":{"rendered":"Art\u00edculos"},"content":{"rendered":"<ul>\n<li><strong>LAS BODAS DE ORO DE SS.AA.RR LOS DUQUES DE CALABRIA<\/strong>.\u00a0Por don Jos\u00e9 Lu\u00eds Sampedro Escolar.<\/li>\n<li><strong>LA VINCULACI\u00d3N DE S.A.R. LA PRINCESA DE ORANGE CON EL ANTIGUO E ILUSTRE SOLAR DE TEJADA<\/strong>.\u00a0Por don Jos\u00e9 Luis Sampedro Escolar.<\/li>\n<li><strong>DO\u00d1A ALICIA DE PARMA, DECANA DE LAS INFANTAS DE ESPA\u00d1A<\/strong>.Por don Jos\u00e9 Lu\u00eds Sampedro Escolar.<\/li>\n<li><strong>EL TRATAMIENTO DE ALTEZA REAL EN LA ESPA\u00d1A DE 2016<\/strong>.Por don Jos\u00e9 Lu\u00eds Sampedro Escolar.<\/li>\n<li><strong>CARTA SOBRE LOS CERTIFICADOS DE ARMAS DEL CRONISTA DE CASTILLA Y LE<\/strong><strong>\u00d3<\/strong><strong>N<\/strong>.Por don Miguel de Avenda\u00f1o.<\/li>\n<li><strong>EL CRONISTA DE CASTILLA Y LE<\/strong><strong>\u00d3<\/strong><strong>N<\/strong>.Por don Jos\u00e9 Lu\u00eds Sampedro Escolar.<\/li>\n<\/ul>\n","protected":false},"excerpt":{"rendered":"<p>LAS BODAS DE ORO DE SS.AA.RR LOS DUQUES DE CALABRIA.\u00a0Por don Jos\u00e9 Lu\u00eds Sampedro Escolar. LA VINCULACI\u00d3N DE S.A.R. LA PRINCESA DE ORANGE CON EL ANTIGUO E ILUSTRE SOLAR DE TEJADA.\u00a0Por don Jos\u00e9 Luis Sampedro Escolar. DO\u00d1A ALICIA DE PARMA, DECANA DE LAS INFANTAS DE ESPA\u00d1A.Por don Jos\u00e9 Lu\u00eds Sampedro Escolar. EL TRATAMIENTO DE ALTEZA [&hellip;]<\/p>\n","protected":false},"author":1,"featured_media":0,"parent":0,"menu_order":0,"comment_status":"closed","ping_status":"closed","template":"","meta":[],"_links":{"self":[{"href":"https:\/\/www.adghn.org\/index.php\/wp-json\/wp\/v2\/pages\/144"}],"collection":[{"href":"https:\/\/www.adghn.org\/index.php\/wp-json\/wp\/v2\/pages"}],"about":[{"href":"https:\/\/www.adghn.org\/index.php\/wp-json\/wp\/v2\/types\/page"}],"author":[{"embeddable":true,"href":"https:\/\/www.adghn.org\/index.php\/wp-json\/wp\/v2\/users\/1"}],"replies":[{"embeddable":true,"href":"https:\/\/www.adghn.org\/index.php\/wp-json\/wp\/v2\/comments?post=144"}],"version-history":[{"count":8,"href":"https:\/\/www.adghn.org\/index.php\/wp-json\/wp\/v2\/pages\/144\/revisions"}],"predecessor-version":[{"id":272,"href":"https:\/\/www.adghn.org\/index.php\/wp-json\/wp\/v2\/pages\/144\/revisions\/272"}],"wp:attachment":[{"href":"https:\/\/www.adghn.org\/index.php\/wp-json\/wp\/v2\/media?parent=144"}],"curies":[{"name":"wp","href":"https:\/\/api.w.org\/{rel}","templated":true}]}}