{"id":36,"date":"2017-06-20T15:27:40","date_gmt":"2017-06-20T15:27:40","guid":{"rendered":"http:\/\/www.adghn.org\/?page_id=36"},"modified":"2019-12-31T12:20:09","modified_gmt":"2019-12-31T12:20:09","slug":"inicio","status":"publish","type":"page","link":"https:\/\/www.adghn.org\/","title":{"rendered":"Inicio"},"content":{"rendered":"<p><img decoding=\"async\" loading=\"lazy\" class=\" wp-image-121 alignleft\" src=\"http:\/\/www.adghn.org\/wp-content\/uploads\/2017\/06\/escudo-1.gif\" alt=\"\" width=\"143\" height=\"186\" \/>Nuestra organizaci\u00f3n es una organizaci\u00f3n nacional, colegial, no lucrativa,cultural y cient\u00edfica, de fomento de la investigaci\u00f3n, formada por diplomados en Genealog\u00eda, Her\u00e1ldica, y Nobiliaria, procedentes en la actualidad de su propia escuela (<strong><em>Marqu\u00e9s de Avil\u00e9s<\/em><\/strong>), cuyo fin es el promover el estudio y difusi\u00f3n de las Ciencias Auxiliares de la Historia, cubriendo de alguna manera el gran vac\u00edo existente. La Asociaci\u00f3n permanece abierta a cualquier persona interesada en estas ciencias.<\/p>\n<p>Nuestros fines son:<\/p>\n<ul>\n<li>\u00a0\u00a0 Lograr la uni\u00f3n colegiada entre los Diplomados en Genealog\u00eda, Her\u00e1ldica y Nobiliaria.<\/li>\n<\/ul>\n<ul>\n<li>\u00a0\u00a0 Realizar actividades culturales, investigaci\u00f3n y difusi\u00f3n del conocimiento de la Genealog\u00eda, Her\u00e1ldica y Nobiliaria y Ciencias afines, celebraci\u00f3n de conferencias, publicaci\u00f3n de trabajos, etc.<\/li>\n<\/ul>\n<ul>\n<li>\u00a0\u00a0\u00a0\u00a0 Formaci\u00f3n en las disciplinas que le son propias en su\u00a0<strong><em>Escuela Marqu\u00e9s de Avil\u00e9s<\/em><\/strong>, como Her\u00e1ldica, Casas Reales, Archivos, Diplom\u00e1tica, Sigilograf\u00eda, Paleograf\u00eda, Nobiliaria, Derecho Nobiliario, Vexilog\u00eda, Genealog\u00eda, Numism\u00e1tica, etc., para ser\u00a0<strong>Diplomado en Genealog\u00eda, Her\u00e1ldica y Nobiliaria<\/strong>. As\u00ed como la realizaci\u00f3n de Cursos Monogr\u00e1ficos para los propios asociados.<\/li>\n<\/ul>\n<p><img decoding=\"async\" loading=\"lazy\" class=\"wp-image-214 aligncenter\" src=\"http:\/\/www.adghn.org\/wp-content\/uploads\/2018\/04\/Imagen1-1024x298.jpg\" alt=\"\" width=\"1062\" height=\"309\" srcset=\"https:\/\/www.adghn.org\/wp-content\/uploads\/2018\/04\/Imagen1-1024x298.jpg 1024w, https:\/\/www.adghn.org\/wp-content\/uploads\/2018\/04\/Imagen1-300x87.jpg 300w, https:\/\/www.adghn.org\/wp-content\/uploads\/2018\/04\/Imagen1-768x224.jpg 768w, https:\/\/www.adghn.org\/wp-content\/uploads\/2018\/04\/Imagen1-620x181.jpg 620w, https:\/\/www.adghn.org\/wp-content\/uploads\/2018\/04\/Imagen1.jpg 1949w\" sizes=\"(max-width: 1062px) 100vw, 1062px\" \/><\/p>\n","protected":false},"excerpt":{"rendered":"<p>Nuestra organizaci\u00f3n es una organizaci\u00f3n nacional, colegial, no lucrativa,cultural y cient\u00edfica, de fomento de la investigaci\u00f3n, formada por diplomados en Genealog\u00eda, Her\u00e1ldica, y Nobiliaria, procedentes en la actualidad de su propia escuela (Marqu\u00e9s de Avil\u00e9s), cuyo fin es el promover el estudio y difusi\u00f3n de las Ciencias Auxiliares de la Historia, cubriendo de alguna manera [&hellip;]<\/p>\n","protected":false},"author":1,"featured_media":0,"parent":0,"menu_order":0,"comment_status":"closed","ping_status":"closed","template":"","meta":[],"_links":{"self":[{"href":"https:\/\/www.adghn.org\/index.php\/wp-json\/wp\/v2\/pages\/36"}],"collection":[{"href":"https:\/\/www.adghn.org\/index.php\/wp-json\/wp\/v2\/pages"}],"about":[{"href":"https:\/\/www.adghn.org\/index.php\/wp-json\/wp\/v2\/types\/page"}],"author":[{"embeddable":true,"href":"https:\/\/www.adghn.org\/index.php\/wp-json\/wp\/v2\/users\/1"}],"replies":[{"embeddable":true,"href":"https:\/\/www.adghn.org\/index.php\/wp-json\/wp\/v2\/comments?post=36"}],"version-history":[{"count":8,"href":"https:\/\/www.adghn.org\/index.php\/wp-json\/wp\/v2\/pages\/36\/revisions"}],"predecessor-version":[{"id":94,"href":"https:\/\/www.adghn.org\/index.php\/wp-json\/wp\/v2\/pages\/36\/revisions\/94"}],"wp:attachment":[{"href":"https:\/\/www.adghn.org\/index.php\/wp-json\/wp\/v2\/media?parent=36"}],"curies":[{"name":"wp","href":"https:\/\/api.w.org\/{rel}","templated":true}]}}