{"id":63,"date":"2017-06-20T15:27:40","date_gmt":"2017-06-20T15:27:40","guid":{"rendered":"http:\/\/www.adghn.org\/?page_id=63"},"modified":"2017-06-25T09:39:21","modified_gmt":"2017-06-25T09:39:21","slug":"enlaces","status":"publish","type":"page","link":"https:\/\/www.adghn.org\/index.php\/enlaces\/","title":{"rendered":"Enlaces"},"content":{"rendered":"<ul>\n<li><a href=\"http:\/\/www.blasoneshispanos.com\/\"><strong>BLASONES HISPANOS<\/strong><\/a>:\u00a0Web dedicada a dar a conocer en la red todo lo concerniente a la her\u00e1ldica y a la nobiliaria hispana.<\/li>\n<li><a href=\"http:\/\/pares.mcu.es\/\"><strong>PARES<\/strong><\/a><a href=\"http:\/\/pares.mcu.es\/\">:<\/a>\u00a0El Portal de Archivos Espa\u00f1oles es un proyecto del Ministerio de Educaci\u00f3n, Cultura y Deporte destinado a la difusi\u00f3n en Internet del patrimonio hist\u00f3rico documental espa\u00f1ol conservado en su red de centros.<\/li>\n<li><a href=\"http:\/\/www.bne.es\/\"><strong>BIBLIOTECA NACIONAL DE ESPA\u00d1A<\/strong><\/a>:\u00a0La Biblioteca Nacional de Espa\u00f1a recibe y conserva ejemplares de todos los libros publicados en Espa\u00f1a. Adem\u00e1s, atesora una valios\u00edsima colecci\u00f3n de incunables, manuscritos, estampas, dibujos, fotograf\u00edas, grabaciones sonoras, partituras&#8230;<\/li>\n<li><a href=\"http:\/\/www.el-mundo.es\/ladh\/\"><strong>LA AVENTURA DE LA HISTORIA<\/strong><\/a>:\u00a0La Aventura de la Historia es una publicaci\u00f3n espa\u00f1ola de car\u00e1cter mensual para la divulgaci\u00f3n de las ciencias hist\u00f3ricas.<\/li>\n<li><a href=\"http:\/\/www.artehistoria.com\/\"><strong>ARTEHISTORIA<\/strong><\/a>:\u00a0P\u00e1gina del arte y la cultura en Espa\u00f1ol. Contiene interesantes art\u00edculos, noticias, enlaces, etc.<\/li>\n<li><a href=\"http:\/\/www.historiadigital.es\/\"><strong>HISTORIA DIGITAL<\/strong><\/a>:\u00a0\u00a0Interesante revista dedicada a la historia y ciencias auxiliares.<\/li>\n<li><a href=\"http:\/\/www.rulers.org\/\"><strong>RULERS.ORG<\/strong><\/a>:\u00a0Cronolog\u00edas de todo el mundo.<\/li>\n<li><a href=\"http:\/\/www.monarquiaconfidencial.com\/\"><strong>MONARQUIA CONFIDENCIAL<\/strong><\/a><strong>\u00a0<\/strong>:\u00a0Actualidad centrada en las Casas Reales de Europa.<\/li>\n<li><a href=\"http:\/\/www.uam.es\/departamentos\/filoyletras\/hmedieval\/enlaces.htm\"><strong>PUBLICACI\u00d3N ELECTR\u00d3NICA DE HISTORIA MEDIEVAL de la UNIVERSIDAD AUT\u00d3NOMA DE MADRID<\/strong><\/a>:\u00a0Importante por su contenido y por los recursos, publicaciones electr\u00f3nicas y enlaces.<\/li>\n<li><a href=\"http:\/\/www.hispagen.org\/\"><strong>HISPAGEN<\/strong><\/a>:\u00a0Interesante p\u00e1gina de esta Asociaci\u00f3n que apoya el desarrollo de la Genealog\u00eda Hispana\u00a0.<\/li>\n<li><a href=\"http:\/\/www.xenealoxia.org\/\"><strong>XENEALOG\u00cdA.ORG,\u00a0<em>INVESTIGANDO A HISTORIA FAMILIAR:<\/em><\/strong><\/a>\u00a0Importante contenido sobre genealog\u00eda, apellidos, linajes, art\u00edculos, libros, enlaces, foros, noticias, historia local, geograf\u00eda, etc., del \u00e1mbito gallego.<\/li>\n<li><a href=\"http:\/\/www.rae.es\/\"><strong>DICCIONARIO DE LA REAL ACADEMIA ESPA\u00d1OLA<\/strong><\/a>:\u00a0Diccionarios, banco de datos y otros recursos para el lenguaje espa\u00f1ol.<\/li>\n<li><a href=\"http:\/\/www.patrimonionacional.es\/\"><strong>PATRIMONIO NACIONAL<\/strong><\/a>:\u00a0Informaci\u00f3n sobre palacios, monumentos y museos que constituyen uno de los conjuntos m\u00e1s importantes de la historia de Occidente.<\/li>\n<li><a href=\"http:\/\/es.wikipedia.org\/wiki\/Wikipedia:Portada\"><strong>WIKIPEDIA<\/strong><\/a>:\u00a0La enciclopedia m\u00e1s popular de la red.<\/li>\n<li><a href=\"http:\/\/www.enciclonet.com\/\"><strong>ENCICLONET<\/strong><\/a>:\u00a0Enciclopedia Universal Micronet. La obra m\u00e1s completa realizada hasta hoy en lengua espa\u00f1ola que aporta a sus usuarios miles de art\u00edculos de alto valor.<\/li>\n<li><a href=\"http:\/\/www.britannica.com\/\"><strong>ENCICLOPEDIA BRITANNICA<\/strong><\/a>:\u00a0Enciclopedia en l\u00ednea, con cientos de miles de art\u00edculos, biograf\u00edas, videos, im\u00e1genes y sitios Web.<\/li>\n<li><a href=\"http:\/\/www.buscabiografias.com\/bios\/\"><strong>BUSCA BIOGRAF\u00cdAS<\/strong><\/a>:\u00a0Especializada en biograf\u00edas.<\/li>\n<\/ul>\n","protected":false},"excerpt":{"rendered":"<p>BLASONES HISPANOS:\u00a0Web dedicada a dar a conocer en la red todo lo concerniente a la her\u00e1ldica y a la nobiliaria hispana. PARES:\u00a0El Portal de Archivos Espa\u00f1oles es un proyecto del Ministerio de Educaci\u00f3n, Cultura y Deporte destinado a la difusi\u00f3n en Internet del patrimonio hist\u00f3rico documental espa\u00f1ol conservado en su red de centros. BIBLIOTECA NACIONAL [&hellip;]<\/p>\n","protected":false},"author":1,"featured_media":0,"parent":0,"menu_order":0,"comment_status":"closed","ping_status":"closed","template":"","meta":[],"_links":{"self":[{"href":"https:\/\/www.adghn.org\/index.php\/wp-json\/wp\/v2\/pages\/63"}],"collection":[{"href":"https:\/\/www.adghn.org\/index.php\/wp-json\/wp\/v2\/pages"}],"about":[{"href":"https:\/\/www.adghn.org\/index.php\/wp-json\/wp\/v2\/types\/page"}],"author":[{"embeddable":true,"href":"https:\/\/www.adghn.org\/index.php\/wp-json\/wp\/v2\/users\/1"}],"replies":[{"embeddable":true,"href":"https:\/\/www.adghn.org\/index.php\/wp-json\/wp\/v2\/comments?post=63"}],"version-history":[{"count":2,"href":"https:\/\/www.adghn.org\/index.php\/wp-json\/wp\/v2\/pages\/63\/revisions"}],"predecessor-version":[{"id":106,"href":"https:\/\/www.adghn.org\/index.php\/wp-json\/wp\/v2\/pages\/63\/revisions\/106"}],"wp:attachment":[{"href":"https:\/\/www.adghn.org\/index.php\/wp-json\/wp\/v2\/media?parent=63"}],"curies":[{"name":"wp","href":"https:\/\/api.w.org\/{rel}","templated":true}]}}